{"id":50,"date":"2025-08-29T07:41:48","date_gmt":"2025-08-29T07:41:48","guid":{"rendered":"https:\/\/blas.deceroconsulting.com\/?page_id=50"},"modified":"2025-08-29T10:19:31","modified_gmt":"2025-08-29T10:19:31","slug":"servicios","status":"publish","type":"page","link":"https:\/\/blas.deceroconsulting.com\/?page_id=50","title":{"rendered":"Servicios"},"content":{"rendered":"\t\t<div data-elementor-type=\"wp-page\" data-elementor-id=\"50\" class=\"elementor elementor-50\" data-elementor-post-type=\"page\">\n\t\t\t\t<div class=\"elementor-element elementor-element-4f14e210 e-con-full e-flex e-con e-parent\" data-id=\"4f14e210\" data-element_type=\"container\" data-settings=\"{&quot;background_background&quot;:&quot;classic&quot;}\">\n\t\t\t\t<div class=\"elementor-element elementor-element-6a9239d0 elementor-invisible elementor-widget elementor-widget-heading\" data-id=\"6a9239d0\" data-element_type=\"widget\" data-settings=\"{&quot;_animation&quot;:&quot;fadeIn&quot;}\" data-widget_type=\"heading.default\">\n\t\t\t\t\t<h1 class=\"elementor-heading-title elementor-size-default\">servicios<\/h1>\t\t\t\t<\/div>\n\t\t\t\t<div class=\"elementor-element elementor-element-667761f9 elementor-widget-divider--view-line elementor-invisible elementor-widget elementor-widget-divider\" data-id=\"667761f9\" data-element_type=\"widget\" data-settings=\"{&quot;_animation&quot;:&quot;fadeIn&quot;,&quot;_animation_delay&quot;:&quot;200&quot;}\" data-widget_type=\"divider.default\">\n\t\t\t\t\t\t\t<div class=\"elementor-divider\">\n\t\t\t<span class=\"elementor-divider-separator\">\n\t\t\t\t\t\t<\/span>\n\t\t<\/div>\n\t\t\t\t\t\t<\/div>\n\t\t\t\t<div class=\"elementor-element elementor-element-378d6db4 elementor-widget elementor-widget-text-editor\" data-id=\"378d6db4\" data-element_type=\"widget\" data-widget_type=\"text-editor.default\">\n\t\t\t\t\t\t\t\t\t<p>Servicios integrales de pintura para todas sus necesidades.<\/p>\t\t\t\t\t\t\t\t<\/div>\n\t\t\t\t<\/div>\n\t\t<div class=\"elementor-element elementor-element-3394e859 e-con-full e-flex e-con e-parent\" data-id=\"3394e859\" data-element_type=\"container\">\n\t\t<div class=\"elementor-element elementor-element-6ac23b8f e-con-full e-flex e-con e-child\" data-id=\"6ac23b8f\" data-element_type=\"container\" data-settings=\"{&quot;background_background&quot;:&quot;slideshow&quot;,&quot;background_slideshow_gallery&quot;:[{&quot;id&quot;:51,&quot;url&quot;:&quot;https:\\\/\\\/blas.deceroconsulting.com\\\/wp-content\\\/uploads\\\/2025\\\/08\\\/service1.jpg&quot;},{&quot;id&quot;:52,&quot;url&quot;:&quot;https:\\\/\\\/blas.deceroconsulting.com\\\/wp-content\\\/uploads\\\/2025\\\/08\\\/ServicesPage-InteriorDesign_2.jpg&quot;},{&quot;id&quot;:53,&quot;url&quot;:&quot;https:\\\/\\\/blas.deceroconsulting.com\\\/wp-content\\\/uploads\\\/2025\\\/08\\\/ServicesPage-InteriorDesign_3.jpg&quot;}],&quot;background_slideshow_slide_duration&quot;:4000,&quot;background_slideshow_ken_burns&quot;:&quot;yes&quot;,&quot;background_slideshow_loop&quot;:&quot;yes&quot;,&quot;background_slideshow_slide_transition&quot;:&quot;fade&quot;,&quot;background_slideshow_transition_duration&quot;:500,&quot;background_slideshow_ken_burns_zoom_direction&quot;:&quot;in&quot;}\">\n\t\t\t\t<\/div>\n\t\t<div class=\"elementor-element elementor-element-2a67d672 e-con-full e-flex e-con e-child\" data-id=\"2a67d672\" data-element_type=\"container\">\n\t\t\t\t<div class=\"elementor-element elementor-element-3fd684cb elementor-widget-divider--view-line elementor-invisible elementor-widget elementor-widget-divider\" data-id=\"3fd684cb\" data-element_type=\"widget\" data-settings=\"{&quot;_animation&quot;:&quot;slideInRight&quot;}\" data-widget_type=\"divider.default\">\n\t\t\t\t\t\t\t<div class=\"elementor-divider\">\n\t\t\t<span class=\"elementor-divider-separator\">\n\t\t\t\t\t\t<\/span>\n\t\t<\/div>\n\t\t\t\t\t\t<\/div>\n\t\t\t\t<div class=\"elementor-element elementor-element-43c9f950 elementor-invisible elementor-widget elementor-widget-heading\" data-id=\"43c9f950\" data-element_type=\"widget\" id=\"interiorpainting\" data-settings=\"{&quot;_animation&quot;:&quot;fadeIn&quot;,&quot;_animation_delay&quot;:&quot;400&quot;}\" data-widget_type=\"heading.default\">\n\t\t\t\t\t<h3 class=\"elementor-heading-title elementor-size-default\">Pintura interior<\/h3>\t\t\t\t<\/div>\n\t\t\t\t<div class=\"elementor-element elementor-element-8c36acc elementor-widget elementor-widget-text-editor\" data-id=\"8c36acc\" data-element_type=\"widget\" data-widget_type=\"text-editor.default\">\n\t\t\t\t\t\t\t\t\t<p dir=\"ltr\" data-pm-slice=\"1 1 []\">Transforma tu hogar con las pinturas interiores de Blas Pinturas. Colores vibrantes, acabados duraderos y f\u00f3rmulas ecol\u00f3gicas para cualquier espacio. Descubre nuestra gama y crea ambientes \u00fanicos. \u00a1Visita nuestra web para inspirarte!<\/p>\t\t\t\t\t\t\t\t<\/div>\n\t\t\t\t<\/div>\n\t\t\t\t<\/div>\n\t\t<div class=\"elementor-element elementor-element-1af3dc6a e-con-full e-flex e-con e-parent\" data-id=\"1af3dc6a\" data-element_type=\"container\">\n\t\t<div class=\"elementor-element elementor-element-642c151a e-con-full e-flex e-con e-child\" data-id=\"642c151a\" data-element_type=\"container\">\n\t\t\t\t<div class=\"elementor-element elementor-element-3e390057 elementor-widget-divider--view-line elementor-invisible elementor-widget elementor-widget-divider\" data-id=\"3e390057\" data-element_type=\"widget\" data-settings=\"{&quot;_animation&quot;:&quot;slideInRight&quot;}\" data-widget_type=\"divider.default\">\n\t\t\t\t\t\t\t<div class=\"elementor-divider\">\n\t\t\t<span class=\"elementor-divider-separator\">\n\t\t\t\t\t\t<\/span>\n\t\t<\/div>\n\t\t\t\t\t\t<\/div>\n\t\t\t\t<div class=\"elementor-element elementor-element-3e6d458b elementor-invisible elementor-widget elementor-widget-heading\" data-id=\"3e6d458b\" data-element_type=\"widget\" data-settings=\"{&quot;_animation&quot;:&quot;fadeIn&quot;,&quot;_animation_delay&quot;:&quot;400&quot;}\" data-widget_type=\"heading.default\">\n\t\t\t\t\t<h3 class=\"elementor-heading-title elementor-size-default\">Pintura exterior<\/h3>\t\t\t\t<\/div>\n\t\t\t\t<div class=\"elementor-element elementor-element-2977f985 elementor-widget elementor-widget-text-editor\" data-id=\"2977f985\" data-element_type=\"widget\" data-widget_type=\"text-editor.default\">\n\t\t\t\t\t\t\t\t\t<p dir=\"ltr\" data-pm-slice=\"1 1 []\">Protege y embellece tu fachada con las pinturas exteriores de Blas Pinturas. Resistentes al clima, de alta cobertura y f\u00e1cil aplicaci\u00f3n. Elige calidad duradera para exteriores. \u00a1Explora nuestra selecci\u00f3n en nuestra web ahora!<\/p>\t\t\t\t\t\t\t\t<\/div>\n\t\t\t\t<\/div>\n\t\t<div class=\"elementor-element elementor-element-2c9da8cb e-con-full e-flex e-con e-child\" data-id=\"2c9da8cb\" data-element_type=\"container\" data-settings=\"{&quot;background_background&quot;:&quot;slideshow&quot;,&quot;background_slideshow_gallery&quot;:[{&quot;id&quot;:54,&quot;url&quot;:&quot;https:\\\/\\\/blas.deceroconsulting.com\\\/wp-content\\\/uploads\\\/2025\\\/08\\\/service2.jpg&quot;},{&quot;id&quot;:55,&quot;url&quot;:&quot;https:\\\/\\\/blas.deceroconsulting.com\\\/wp-content\\\/uploads\\\/2025\\\/08\\\/ServicesPage-ExteriorPainting-_2.jpg&quot;},{&quot;id&quot;:56,&quot;url&quot;:&quot;https:\\\/\\\/blas.deceroconsulting.com\\\/wp-content\\\/uploads\\\/2025\\\/08\\\/ServicesPage-ExteriorPainting-_3.jpg&quot;}],&quot;background_slideshow_slide_duration&quot;:4000,&quot;background_slideshow_ken_burns&quot;:&quot;yes&quot;,&quot;background_slideshow_loop&quot;:&quot;yes&quot;,&quot;background_slideshow_slide_transition&quot;:&quot;fade&quot;,&quot;background_slideshow_transition_duration&quot;:500,&quot;background_slideshow_ken_burns_zoom_direction&quot;:&quot;in&quot;}\">\n\t\t\t\t<\/div>\n\t\t\t\t<\/div>\n\t\t<div class=\"elementor-element elementor-element-681a253c e-con-full e-flex e-con e-parent\" data-id=\"681a253c\" data-element_type=\"container\">\n\t\t<div class=\"elementor-element elementor-element-5b6881a2 e-con-full e-flex e-con e-child\" data-id=\"5b6881a2\" data-element_type=\"container\" data-settings=\"{&quot;background_background&quot;:&quot;slideshow&quot;,&quot;background_slideshow_gallery&quot;:[{&quot;id&quot;:57,&quot;url&quot;:&quot;https:\\\/\\\/blas.deceroconsulting.com\\\/wp-content\\\/uploads\\\/2025\\\/08\\\/service3.jpg&quot;},{&quot;id&quot;:58,&quot;url&quot;:&quot;https:\\\/\\\/blas.deceroconsulting.com\\\/wp-content\\\/uploads\\\/2025\\\/08\\\/ServicesPage-ColorConsulting-_2.jpg&quot;},{&quot;id&quot;:59,&quot;url&quot;:&quot;https:\\\/\\\/blas.deceroconsulting.com\\\/wp-content\\\/uploads\\\/2025\\\/08\\\/ServicesPage-ColorConsulting_3.jpg&quot;}],&quot;background_slideshow_slide_duration&quot;:4000,&quot;background_slideshow_ken_burns&quot;:&quot;yes&quot;,&quot;background_slideshow_loop&quot;:&quot;yes&quot;,&quot;background_slideshow_slide_transition&quot;:&quot;fade&quot;,&quot;background_slideshow_transition_duration&quot;:500,&quot;background_slideshow_ken_burns_zoom_direction&quot;:&quot;in&quot;}\">\n\t\t\t\t<\/div>\n\t\t<div class=\"elementor-element elementor-element-214b5eb7 e-con-full e-flex e-con e-child\" data-id=\"214b5eb7\" data-element_type=\"container\">\n\t\t\t\t<div class=\"elementor-element elementor-element-3e6d070d elementor-widget-divider--view-line elementor-invisible elementor-widget elementor-widget-divider\" data-id=\"3e6d070d\" data-element_type=\"widget\" data-settings=\"{&quot;_animation&quot;:&quot;slideInRight&quot;}\" data-widget_type=\"divider.default\">\n\t\t\t\t\t\t\t<div class=\"elementor-divider\">\n\t\t\t<span class=\"elementor-divider-separator\">\n\t\t\t\t\t\t<\/span>\n\t\t<\/div>\n\t\t\t\t\t\t<\/div>\n\t\t\t\t<div class=\"elementor-element elementor-element-5b0f6657 elementor-invisible elementor-widget elementor-widget-heading\" data-id=\"5b0f6657\" data-element_type=\"widget\" data-settings=\"{&quot;_animation&quot;:&quot;fadeIn&quot;,&quot;_animation_delay&quot;:&quot;400&quot;}\" data-widget_type=\"heading.default\">\n\t\t\t\t\t<h3 class=\"elementor-heading-title elementor-size-default\">Papel pintado<\/h3>\t\t\t\t<\/div>\n\t\t\t\t<div class=\"elementor-element elementor-element-c1fc3d elementor-widget elementor-widget-text-editor\" data-id=\"c1fc3d\" data-element_type=\"widget\" data-widget_type=\"text-editor.default\">\n\t\t\t\t\t\t\t\t\t<p dir=\"ltr\" data-pm-slice=\"1 1 []\">Renueva tus paredes con el papel pintado de Blas Pinturas. Dise\u00f1os modernos, texturas \u00fanicas y f\u00e1cil instalaci\u00f3n para cualquier estilo. Dale vida a tus espacios. \u00a1Encuentra el tuyo en nuestra tienda online!<\/p>\t\t\t\t\t\t\t\t<\/div>\n\t\t\t\t<\/div>\n\t\t\t\t<\/div>\n\t\t<div class=\"elementor-element elementor-element-78c720c2 e-con-full e-flex e-con e-parent\" data-id=\"78c720c2\" data-element_type=\"container\">\n\t\t<div class=\"elementor-element elementor-element-5ff19939 e-con-full e-flex e-con e-child\" data-id=\"5ff19939\" data-element_type=\"container\">\n\t\t\t\t<div class=\"elementor-element elementor-element-148ce130 elementor-widget-divider--view-line elementor-invisible elementor-widget elementor-widget-divider\" data-id=\"148ce130\" data-element_type=\"widget\" data-settings=\"{&quot;_animation&quot;:&quot;slideInRight&quot;}\" data-widget_type=\"divider.default\">\n\t\t\t\t\t\t\t<div class=\"elementor-divider\">\n\t\t\t<span class=\"elementor-divider-separator\">\n\t\t\t\t\t\t<\/span>\n\t\t<\/div>\n\t\t\t\t\t\t<\/div>\n\t\t\t\t<div class=\"elementor-element elementor-element-6be8fcda elementor-invisible elementor-widget elementor-widget-heading\" data-id=\"6be8fcda\" data-element_type=\"widget\" data-settings=\"{&quot;_animation&quot;:&quot;fadeIn&quot;,&quot;_animation_delay&quot;:&quot;400&quot;}\" data-widget_type=\"heading.default\">\n\t\t\t\t\t<h3 class=\"elementor-heading-title elementor-size-default\">Complementos<\/h3>\t\t\t\t<\/div>\n\t\t\t\t<div class=\"elementor-element elementor-element-479d2702 elementor-widget elementor-widget-text-editor\" data-id=\"479d2702\" data-element_type=\"widget\" data-widget_type=\"text-editor.default\">\n\t\t\t\t\t\t\t\t\t<p dir=\"ltr\" data-pm-slice=\"1 1 []\">Completa tu proyecto con los complementos de Blas Pinturas. Brochas, rodillos y herramientas de calidad para un acabado profesional. Todo lo que necesitas para pintar con \u00e9xito. \u00a1Descubre m\u00e1s en nuestra web!<\/p>\t\t\t\t\t\t\t\t<\/div>\n\t\t\t\t<\/div>\n\t\t<div class=\"elementor-element elementor-element-7aa3bffc e-con-full e-flex e-con e-child\" data-id=\"7aa3bffc\" data-element_type=\"container\" data-settings=\"{&quot;background_background&quot;:&quot;slideshow&quot;,&quot;background_slideshow_gallery&quot;:[{&quot;id&quot;:60,&quot;url&quot;:&quot;https:\\\/\\\/blas.deceroconsulting.com\\\/wp-content\\\/uploads\\\/2025\\\/08\\\/service4.jpg&quot;},{&quot;id&quot;:61,&quot;url&quot;:&quot;https:\\\/\\\/blas.deceroconsulting.com\\\/wp-content\\\/uploads\\\/2025\\\/08\\\/ServicesPage-CabinetRefinishing-_2.jpg&quot;},{&quot;id&quot;:62,&quot;url&quot;:&quot;https:\\\/\\\/blas.deceroconsulting.com\\\/wp-content\\\/uploads\\\/2025\\\/08\\\/ServicesPage-CabinetRefinishing-_3.jpg&quot;}],&quot;background_slideshow_slide_duration&quot;:4000,&quot;background_slideshow_ken_burns&quot;:&quot;yes&quot;,&quot;background_slideshow_loop&quot;:&quot;yes&quot;,&quot;background_slideshow_slide_transition&quot;:&quot;fade&quot;,&quot;background_slideshow_transition_duration&quot;:500,&quot;background_slideshow_ken_burns_zoom_direction&quot;:&quot;in&quot;}\">\n\t\t\t\t<\/div>\n\t\t\t\t<\/div>\n\t\t<div class=\"elementor-element elementor-element-4d01007c e-con-full e-flex e-con e-parent\" data-id=\"4d01007c\" data-element_type=\"container\">\n\t\t<div class=\"elementor-element elementor-element-2fa91cc4 e-con-full e-flex e-con e-child\" data-id=\"2fa91cc4\" data-element_type=\"container\" data-settings=\"{&quot;background_background&quot;:&quot;classic&quot;}\">\n\t\t\t\t<\/div>\n\t\t<div class=\"elementor-element elementor-element-5a06381e e-con-full e-flex e-con e-child\" data-id=\"5a06381e\" data-element_type=\"container\">\n\t\t\t\t<div class=\"elementor-element elementor-element-160199e9 elementor-widget-divider--view-line elementor-invisible elementor-widget elementor-widget-divider\" data-id=\"160199e9\" data-element_type=\"widget\" data-settings=\"{&quot;_animation&quot;:&quot;slideInRight&quot;}\" data-widget_type=\"divider.default\">\n\t\t\t\t\t\t\t<div class=\"elementor-divider\">\n\t\t\t<span class=\"elementor-divider-separator\">\n\t\t\t\t\t\t<\/span>\n\t\t<\/div>\n\t\t\t\t\t\t<\/div>\n\t\t\t\t<div class=\"elementor-element elementor-element-24ae62dc elementor-invisible elementor-widget elementor-widget-heading\" data-id=\"24ae62dc\" data-element_type=\"widget\" data-settings=\"{&quot;_animation&quot;:&quot;fadeIn&quot;,&quot;_animation_delay&quot;:&quot;400&quot;}\" data-widget_type=\"heading.default\">\n\t\t\t\t\t<h3 class=\"elementor-heading-title elementor-size-default\">\u00bfPreparado para transformar tu espacio?<\/h3>\t\t\t\t<\/div>\n\t\t\t\t<div class=\"elementor-element elementor-element-2c533a46 elementor-widget elementor-widget-text-editor\" data-id=\"2c533a46\" data-element_type=\"widget\" data-widget_type=\"text-editor.default\">\n\t\t\t\t\t\t\t\t\t<div class=\"elementor-element elementor-element-e5bc117 elementor-widget elementor-widget-text-editor\" data-id=\"e5bc117\" data-element_type=\"widget\" data-widget_type=\"text-editor.default\"><p>\u00bfTienes dudas? \u00bfNecesitas ayuda con alg\u00fan espacio? Escr\u00edbenos y te ayudaremos en todo lo que est\u00e9 en nuestra mano.<\/p><\/div><div class=\"elementor-element elementor-element-7bb7ed26 elementor-widget elementor-widget-button\" data-id=\"7bb7ed26\" data-element_type=\"widget\" data-widget_type=\"button.default\">\u00a0<\/div>\t\t\t\t\t\t\t\t<\/div>\n\t\t\t\t<div class=\"elementor-element elementor-element-6392c7cb elementor-widget elementor-widget-button\" data-id=\"6392c7cb\" data-element_type=\"widget\" data-widget_type=\"button.default\">\n\t\t\t\t\t\t\t\t\t\t<a class=\"elementor-button elementor-button-link elementor-size-sm\" href=\"https:\/\/blas.deceroconsulting.com\/?page_id=88\">\n\t\t\t\t\t\t<span class=\"elementor-button-content-wrapper\">\n\t\t\t\t\t\t\t\t\t<span class=\"elementor-button-text\">contacto<\/span>\n\t\t\t\t\t<\/span>\n\t\t\t\t\t<\/a>\n\t\t\t\t\t\t\t\t<\/div>\n\t\t\t\t<\/div>\n\t\t\t\t<\/div>\n\t\t\t\t<\/div>\n\t\t","protected":false},"excerpt":{"rendered":"<p>servicios Servicios integrales de pintura para todas sus necesidades. Pintura interior Transforma tu hogar con las pinturas interiores de Blas Pinturas. Colores vibrantes, acabados duraderos y f\u00f3rmulas ecol\u00f3gicas para cualquier espacio. Descubre nuestra gama y crea ambientes \u00fanicos. \u00a1Visita nuestra web para inspirarte! Pintura exterior Protege y embellece tu fachada con las pinturas exteriores de [&hellip;]<\/p>\n","protected":false},"author":1,"featured_media":0,"parent":0,"menu_order":0,"comment_status":"closed","ping_status":"closed","template":"","meta":{"footnotes":""},"class_list":["post-50","page","type-page","status-publish","hentry"],"_links":{"self":[{"href":"https:\/\/blas.deceroconsulting.com\/index.php?rest_route=\/wp\/v2\/pages\/50","targetHints":{"allow":["GET"]}}],"collection":[{"href":"https:\/\/blas.deceroconsulting.com\/index.php?rest_route=\/wp\/v2\/pages"}],"about":[{"href":"https:\/\/blas.deceroconsulting.com\/index.php?rest_route=\/wp\/v2\/types\/page"}],"author":[{"embeddable":true,"href":"https:\/\/blas.deceroconsulting.com\/index.php?rest_route=\/wp\/v2\/users\/1"}],"replies":[{"embeddable":true,"href":"https:\/\/blas.deceroconsulting.com\/index.php?rest_route=%2Fwp%2Fv2%2Fcomments&post=50"}],"version-history":[{"count":8,"href":"https:\/\/blas.deceroconsulting.com\/index.php?rest_route=\/wp\/v2\/pages\/50\/revisions"}],"predecessor-version":[{"id":150,"href":"https:\/\/blas.deceroconsulting.com\/index.php?rest_route=\/wp\/v2\/pages\/50\/revisions\/150"}],"wp:attachment":[{"href":"https:\/\/blas.deceroconsulting.com\/index.php?rest_route=%2Fwp%2Fv2%2Fmedia&parent=50"}],"curies":[{"name":"wp","href":"https:\/\/api.w.org\/{rel}","templated":true}]}}